{"id":83,"date":"2024-03-14T16:45:03","date_gmt":"2024-03-14T15:45:03","guid":{"rendered":"https:\/\/wordpress-ali4dbbfvy.live-website.com\/?page_id=83"},"modified":"2024-03-20T11:02:42","modified_gmt":"2024-03-20T10:02:42","slug":"politica-de-cookies","status":"publish","type":"page","link":"https:\/\/aluminiosjavimg.es\/?page_id=83","title":{"rendered":"Pol\u00edtica de Cookies"},"content":{"rendered":"\n<p>Este sitio web utiliza cookies y\/o tecnolog\u00edas similares propias, que almacenan y recuperan informaci\u00f3n cuando navegas.<\/p>\n\n\n\n<p>A continuaci\u00f3n, puede consultar las cookies y\/o tecnolog\u00edas similares utilizadas en este sitio web.<\/p>\n\n\n\n<p><strong>COOKIES PROPIAS<\/strong><\/p>\n\n\n\n<p><strong>T\u00e9cnicas o necesarias<\/strong><\/p>\n\n\n\n<p>Las cookies t\u00e9cnicas o estrictamente necesarias son aquellas que permiten al usuario la navegaci\u00f3n a trav\u00e9s de una p\u00e1gina web y la utilizaci\u00f3n de las diferentes opciones o servicios que en ella se ofrecen, como, por ejemplo, controlar el tr\u00e1fico y la comunicaci\u00f3n de datos, identificar la sesi\u00f3n, acceder a partes de acceso restringido, recordar los elementos que integran un pedido, realizar el proceso de compra de un pedido, gestionar el pago, controlar el fraude vinculado a la seguridad del servicio, realizar la solicitud de inscripci\u00f3n o participaci\u00f3n en un evento, utilizar elementos de seguridad durante la navegaci\u00f3n, almacenar contenidos para la difusi\u00f3n de v\u00eddeos o sonido, habilitar contenidos din\u00e1micos (por ejemplo, animaci\u00f3n de carga de un texto o imagen), compartir contenidos a trav\u00e9s de redes sociales o personalizar la interfaz de usuario siempre que sea \u00e9ste quien elija las opciones de personalizaci\u00f3n que desee. La base legal que legitima este tratamiento es la ejecuci\u00f3n y mantenimiento del servicio solicitado por el usuario. Estas cookies permanecer\u00e1n activas mientras el usuario permanezca en el sitio web.<br>&nbsp;<br><strong>M\u00c1S INFORMACI\u00d3N SOBRE TRATAMIENTO DE DATOS PERSONALES<\/strong><\/p>\n\n\n\n<p>Puede consultar m\u00e1s informaci\u00f3n sobre el tratamiento de sus datos personales accediendo a nuestra&nbsp;Pol\u00edtica de Privacidad.<\/p>\n","protected":false},"excerpt":{"rendered":"<p>Este sitio web utiliza cookies y\/o tecnolog\u00edas similares propias, que almacenan y recuperan informaci\u00f3n cuando navegas. A continuaci\u00f3n, puede consultar las cookies y\/o tecnolog\u00edas similares utilizadas en este sitio web. COOKIES PROPIAS T\u00e9cnicas o necesarias Las cookies t\u00e9cnicas o estrictamente necesarias son aquellas que permiten al usuario la navegaci\u00f3n a trav\u00e9s de una p\u00e1gina web [&hellip;]<\/p>\n","protected":false},"author":1,"featured_media":0,"parent":0,"menu_order":0,"comment_status":"closed","ping_status":"closed","template":"","meta":{"inline_featured_image":false,"footnotes":""},"class_list":["post-83","page","type-page","status-publish","hentry"],"_links":{"self":[{"href":"https:\/\/aluminiosjavimg.es\/index.php?rest_route=\/wp\/v2\/pages\/83","targetHints":{"allow":["GET"]}}],"collection":[{"href":"https:\/\/aluminiosjavimg.es\/index.php?rest_route=\/wp\/v2\/pages"}],"about":[{"href":"https:\/\/aluminiosjavimg.es\/index.php?rest_route=\/wp\/v2\/types\/page"}],"author":[{"embeddable":true,"href":"https:\/\/aluminiosjavimg.es\/index.php?rest_route=\/wp\/v2\/users\/1"}],"replies":[{"embeddable":true,"href":"https:\/\/aluminiosjavimg.es\/index.php?rest_route=%2Fwp%2Fv2%2Fcomments&post=83"}],"version-history":[{"count":2,"href":"https:\/\/aluminiosjavimg.es\/index.php?rest_route=\/wp\/v2\/pages\/83\/revisions"}],"predecessor-version":[{"id":96,"href":"https:\/\/aluminiosjavimg.es\/index.php?rest_route=\/wp\/v2\/pages\/83\/revisions\/96"}],"wp:attachment":[{"href":"https:\/\/aluminiosjavimg.es\/index.php?rest_route=%2Fwp%2Fv2%2Fmedia&parent=83"}],"curies":[{"name":"wp","href":"https:\/\/api.w.org\/{rel}","templated":true}]}}